{"id":1816,"date":"2023-01-24T16:31:45","date_gmt":"2023-01-24T16:31:45","guid":{"rendered":"https:\/\/olympiquesspeciauxquebec.dev.gxi.co\/?page_id=1816"},"modified":"2023-03-20T14:21:43","modified_gmt":"2023-03-20T14:21:43","slug":"get-involved","status":"publish","type":"page","link":"https:\/\/olympiquesspeciauxquebec.ca\/en\/get-involved\/","title":{"rendered":"Get involved!"},"content":{"rendered":"","protected":false},"excerpt":{"rendered":"","protected":false},"author":1,"featured_media":0,"parent":0,"menu_order":2,"comment_status":"closed","ping_status":"closed","template":"","meta":{"_acf_changed":false,"site-sidebar-layout":"default","site-content-layout":"","ast-site-content-layout":"default","site-content-style":"default","site-sidebar-style":"default","ast-global-header-display":"","ast-banner-title-visibility":"","ast-main-header-display":"","ast-hfb-above-header-display":"","ast-hfb-below-header-display":"","ast-hfb-mobile-header-display":"","site-post-title":"","ast-breadcrumbs-content":"","ast-featured-img":"","footer-sml-layout":"","ast-disable-related-posts":"","theme-transparent-header-meta":"","adv-header-id-meta":"","stick-header-meta":"","header-above-stick-meta":"","header-main-stick-meta":"","header-below-stick-meta":"","astra-migrate-meta-layouts":"default","ast-page-background-enabled":"default","ast-page-background-meta":{"desktop":{"background-color":"var(--ast-global-color-4)","background-image":"","background-repeat":"repeat","background-position":"center center","background-size":"auto","background-attachment":"scroll","background-type":"","background-media":"","overlay-type":"","overlay-color":"","overlay-opacity":"","overlay-gradient":""},"tablet":{"background-color":"","background-image":"","background-repeat":"repeat","background-position":"center center","background-size":"auto","background-attachment":"scroll","background-type":"","background-media":"","overlay-type":"","overlay-color":"","overlay-opacity":"","overlay-gradient":""},"mobile":{"background-color":"","background-image":"","background-repeat":"repeat","background-position":"center center","background-size":"auto","background-attachment":"scroll","background-type":"","background-media":"","overlay-type":"","overlay-color":"","overlay-opacity":"","overlay-gradient":""}},"ast-content-background-meta":{"desktop":{"background-color":"var(--ast-global-color-5)","background-image":"","background-repeat":"repeat","background-position":"center center","background-size":"auto","background-attachment":"scroll","background-type":"","background-media":"","overlay-type":"","overlay-color":"","overlay-opacity":"","overlay-gradient":""},"tablet":{"background-color":"var(--ast-global-color-5)","background-image":"","background-repeat":"repeat","background-position":"center center","background-size":"auto","background-attachment":"scroll","background-type":"","background-media":"","overlay-type":"","overlay-color":"","overlay-opacity":"","overlay-gradient":""},"mobile":{"background-color":"var(--ast-global-color-5)","background-image":"","background-repeat":"repeat","background-position":"center center","background-size":"auto","background-attachment":"scroll","background-type":"","background-media":"","overlay-type":"","overlay-color":"","overlay-opacity":"","overlay-gradient":""}},"footnotes":""},"class_list":["post-1816","page","type-page","status-publish","hentry"],"acf":[],"yoast_head":"<!-- This site is optimized with the Yoast SEO plugin v26.9 - https:\/\/yoast.com\/product\/yoast-seo-wordpress\/ -->\n<title>Get involved! - Olympiques sp\u00e9ciaux Qu\u00e9bec<\/title>\n<meta name=\"robots\" content=\"index, follow, max-snippet:-1, max-image-preview:large, max-video-preview:-1\" \/>\n<link rel=\"canonical\" href=\"https:\/\/olympiquesspeciauxquebec.ca\/lancez-vous\/\" \/>\n<meta property=\"og:locale\" content=\"en_US\" \/>\n<meta property=\"og:type\" content=\"article\" \/>\n<meta property=\"og:title\" content=\"Get involved! - Olympiques sp\u00e9ciaux Qu\u00e9bec\" \/>\n<meta property=\"og:url\" content=\"https:\/\/olympiquesspeciauxquebec.ca\/lancez-vous\/\" \/>\n<meta property=\"og:site_name\" content=\"Olympiques sp\u00e9ciaux Qu\u00e9bec\" \/>\n<meta property=\"article:publisher\" content=\"https:\/\/www.facebook.com\/olympiquesspeciauxquebec\" \/>\n<meta property=\"article:modified_time\" content=\"2023-03-20T14:21:43+00:00\" \/>\n<meta name=\"twitter:card\" content=\"summary_large_image\" \/>\n<meta name=\"twitter:site\" content=\"@AthletesOSQ\" \/>\n<script type=\"application\/ld+json\" class=\"yoast-schema-graph\">{\"@context\":\"https:\/\/schema.org\",\"@graph\":[{\"@type\":\"WebPage\",\"@id\":\"https:\/\/olympiquesspeciauxquebec.ca\/lancez-vous\/\",\"url\":\"https:\/\/olympiquesspeciauxquebec.ca\/lancez-vous\/\",\"name\":\"Get involved! - Olympiques sp\u00e9ciaux Qu\u00e9bec\",\"isPartOf\":{\"@id\":\"https:\/\/olympiquesspeciauxquebec.ca\/#website\"},\"datePublished\":\"2023-01-24T16:31:45+00:00\",\"dateModified\":\"2023-03-20T14:21:43+00:00\",\"breadcrumb\":{\"@id\":\"https:\/\/olympiquesspeciauxquebec.ca\/lancez-vous\/#breadcrumb\"},\"inLanguage\":\"en-US\",\"potentialAction\":[{\"@type\":\"ReadAction\",\"target\":[\"https:\/\/olympiquesspeciauxquebec.ca\/lancez-vous\/\"]}]},{\"@type\":\"BreadcrumbList\",\"@id\":\"https:\/\/olympiquesspeciauxquebec.ca\/lancez-vous\/#breadcrumb\",\"itemListElement\":[{\"@type\":\"ListItem\",\"position\":1,\"name\":\"Home\",\"item\":\"https:\/\/olympiquesspeciauxquebec.ca\/en\/\"},{\"@type\":\"ListItem\",\"position\":2,\"name\":\"Get involved!\"}]},{\"@type\":\"WebSite\",\"@id\":\"https:\/\/olympiquesspeciauxquebec.ca\/#website\",\"url\":\"https:\/\/olympiquesspeciauxquebec.ca\/\",\"name\":\"Olympiques sp\u00e9ciaux Qu\u00e9bec\",\"description\":\"Olympiques sp\u00e9ciaux Qu\u00e9bec\",\"publisher\":{\"@id\":\"https:\/\/olympiquesspeciauxquebec.ca\/#organization\"},\"potentialAction\":[{\"@type\":\"SearchAction\",\"target\":{\"@type\":\"EntryPoint\",\"urlTemplate\":\"https:\/\/olympiquesspeciauxquebec.ca\/?s={search_term_string}\"},\"query-input\":{\"@type\":\"PropertyValueSpecification\",\"valueRequired\":true,\"valueName\":\"search_term_string\"}}],\"inLanguage\":\"en-US\"},{\"@type\":\"Organization\",\"@id\":\"https:\/\/olympiquesspeciauxquebec.ca\/#organization\",\"name\":\"Olympiques sp\u00e9ciaux Qu\u00e9bec\",\"url\":\"https:\/\/olympiquesspeciauxquebec.ca\/\",\"logo\":{\"@type\":\"ImageObject\",\"inLanguage\":\"en-US\",\"@id\":\"https:\/\/olympiquesspeciauxquebec.ca\/#\/schema\/logo\/image\/\",\"url\":\"https:\/\/olympiquesspeciauxquebec.ca\/wp-content\/uploads\/2023\/04\/logo.png\",\"contentUrl\":\"https:\/\/olympiquesspeciauxquebec.ca\/wp-content\/uploads\/2023\/04\/logo.png\",\"width\":1280,\"height\":384,\"caption\":\"Olympiques sp\u00e9ciaux Qu\u00e9bec\"},\"image\":{\"@id\":\"https:\/\/olympiquesspeciauxquebec.ca\/#\/schema\/logo\/image\/\"},\"sameAs\":[\"https:\/\/www.facebook.com\/olympiquesspeciauxquebec\",\"https:\/\/x.com\/AthletesOSQ\",\"https:\/\/www.instagram.com\/olympiques_speciaux_qc\/\",\"https:\/\/www.linkedin.com\/company\/olympiques-speciaux-quebec\/\",\"https:\/\/www.youtube.com\/@olympiquesspeciauxquebec2145\"]}]}<\/script>\n<!-- \/ Yoast SEO plugin. -->","yoast_head_json":{"title":"Get involved! - Olympiques sp\u00e9ciaux Qu\u00e9bec","robots":{"index":"index","follow":"follow","max-snippet":"max-snippet:-1","max-image-preview":"max-image-preview:large","max-video-preview":"max-video-preview:-1"},"canonical":"https:\/\/olympiquesspeciauxquebec.ca\/lancez-vous\/","og_locale":"en_US","og_type":"article","og_title":"Get involved! - Olympiques sp\u00e9ciaux Qu\u00e9bec","og_url":"https:\/\/olympiquesspeciauxquebec.ca\/lancez-vous\/","og_site_name":"Olympiques sp\u00e9ciaux Qu\u00e9bec","article_publisher":"https:\/\/www.facebook.com\/olympiquesspeciauxquebec","article_modified_time":"2023-03-20T14:21:43+00:00","twitter_card":"summary_large_image","twitter_site":"@AthletesOSQ","schema":{"@context":"https:\/\/schema.org","@graph":[{"@type":"WebPage","@id":"https:\/\/olympiquesspeciauxquebec.ca\/lancez-vous\/","url":"https:\/\/olympiquesspeciauxquebec.ca\/lancez-vous\/","name":"Get involved! - Olympiques sp\u00e9ciaux Qu\u00e9bec","isPartOf":{"@id":"https:\/\/olympiquesspeciauxquebec.ca\/#website"},"datePublished":"2023-01-24T16:31:45+00:00","dateModified":"2023-03-20T14:21:43+00:00","breadcrumb":{"@id":"https:\/\/olympiquesspeciauxquebec.ca\/lancez-vous\/#breadcrumb"},"inLanguage":"en-US","potentialAction":[{"@type":"ReadAction","target":["https:\/\/olympiquesspeciauxquebec.ca\/lancez-vous\/"]}]},{"@type":"BreadcrumbList","@id":"https:\/\/olympiquesspeciauxquebec.ca\/lancez-vous\/#breadcrumb","itemListElement":[{"@type":"ListItem","position":1,"name":"Home","item":"https:\/\/olympiquesspeciauxquebec.ca\/en\/"},{"@type":"ListItem","position":2,"name":"Get involved!"}]},{"@type":"WebSite","@id":"https:\/\/olympiquesspeciauxquebec.ca\/#website","url":"https:\/\/olympiquesspeciauxquebec.ca\/","name":"Olympiques sp\u00e9ciaux Qu\u00e9bec","description":"Olympiques sp\u00e9ciaux Qu\u00e9bec","publisher":{"@id":"https:\/\/olympiquesspeciauxquebec.ca\/#organization"},"potentialAction":[{"@type":"SearchAction","target":{"@type":"EntryPoint","urlTemplate":"https:\/\/olympiquesspeciauxquebec.ca\/?s={search_term_string}"},"query-input":{"@type":"PropertyValueSpecification","valueRequired":true,"valueName":"search_term_string"}}],"inLanguage":"en-US"},{"@type":"Organization","@id":"https:\/\/olympiquesspeciauxquebec.ca\/#organization","name":"Olympiques sp\u00e9ciaux Qu\u00e9bec","url":"https:\/\/olympiquesspeciauxquebec.ca\/","logo":{"@type":"ImageObject","inLanguage":"en-US","@id":"https:\/\/olympiquesspeciauxquebec.ca\/#\/schema\/logo\/image\/","url":"https:\/\/olympiquesspeciauxquebec.ca\/wp-content\/uploads\/2023\/04\/logo.png","contentUrl":"https:\/\/olympiquesspeciauxquebec.ca\/wp-content\/uploads\/2023\/04\/logo.png","width":1280,"height":384,"caption":"Olympiques sp\u00e9ciaux Qu\u00e9bec"},"image":{"@id":"https:\/\/olympiquesspeciauxquebec.ca\/#\/schema\/logo\/image\/"},"sameAs":["https:\/\/www.facebook.com\/olympiquesspeciauxquebec","https:\/\/x.com\/AthletesOSQ","https:\/\/www.instagram.com\/olympiques_speciaux_qc\/","https:\/\/www.linkedin.com\/company\/olympiques-speciaux-quebec\/","https:\/\/www.youtube.com\/@olympiquesspeciauxquebec2145"]}]}},"_links":{"self":[{"href":"https:\/\/olympiquesspeciauxquebec.ca\/en\/wp-json\/wp\/v2\/pages\/1816","targetHints":{"allow":["GET"]}}],"collection":[{"href":"https:\/\/olympiquesspeciauxquebec.ca\/en\/wp-json\/wp\/v2\/pages"}],"about":[{"href":"https:\/\/olympiquesspeciauxquebec.ca\/en\/wp-json\/wp\/v2\/types\/page"}],"author":[{"embeddable":true,"href":"https:\/\/olympiquesspeciauxquebec.ca\/en\/wp-json\/wp\/v2\/users\/1"}],"replies":[{"embeddable":true,"href":"https:\/\/olympiquesspeciauxquebec.ca\/en\/wp-json\/wp\/v2\/comments?post=1816"}],"version-history":[{"count":1,"href":"https:\/\/olympiquesspeciauxquebec.ca\/en\/wp-json\/wp\/v2\/pages\/1816\/revisions"}],"predecessor-version":[{"id":1823,"href":"https:\/\/olympiquesspeciauxquebec.ca\/en\/wp-json\/wp\/v2\/pages\/1816\/revisions\/1823"}],"wp:attachment":[{"href":"https:\/\/olympiquesspeciauxquebec.ca\/en\/wp-json\/wp\/v2\/media?parent=1816"}],"curies":[{"name":"wp","href":"https:\/\/api.w.org\/{rel}","templated":true}]}}